{"id":2717,"date":"2026-01-13T23:18:49","date_gmt":"2026-01-13T23:18:49","guid":{"rendered":"https:\/\/abbessedulac.site\/?page_id=2717"},"modified":"2026-03-10T09:39:11","modified_gmt":"2026-03-10T09:39:11","slug":"wine-tourism","status":"publish","type":"page","link":"https:\/\/abbessedulac.site\/en\/oenotourisme\/","title":{"rendered":"Wine Tourism"},"content":{"rendered":"<div data-elementor-type=\"wp-page\" data-elementor-id=\"2717\" class=\"elementor elementor-2717\" data-elementor-post-type=\"page\">\n\t\t\t\t<div class=\"elementor-element elementor-element-a4f5bd5 e-con-full e-flex e-con e-parent\" data-id=\"a4f5bd5\" data-element_type=\"container\" data-e-type=\"container\" data-settings=\"{&quot;background_background&quot;:&quot;classic&quot;}\">\n\t\t\t\t<div class=\"elementor-element elementor-element-2c3d594 elementor-widget elementor-widget-image\" data-id=\"2c3d594\" data-element_type=\"widget\" data-e-type=\"widget\" data-widget_type=\"image.default\">\n\t\t\t\t\t\t\t\t\t\t\t\t\t\t\t<img decoding=\"async\" src=\"https:\/\/abbessedulac.site\/wp-content\/uploads\/elementor\/thumbs\/white-AbbesseDuLac_Logo_Typo-rd4z691wx98fgaz0bk2p4pcszwnbwd7c1tah84w8gk.png\" title=\"white-AbbesseDuLac_Logo_Typo\" alt=\"white-AbbesseDuLac_Logo_Typo\" loading=\"lazy\" \/>\t\t\t\t\t\t\t\t\t\t\t\t\t\t\t<\/div>\n\t\t\t\t<div class=\"elementor-element elementor-element-b30d976 elementor-widget__width-initial elementor-invisible elementor-widget elementor-widget-heading\" data-id=\"b30d976\" data-element_type=\"widget\" data-e-type=\"widget\" data-settings=\"{&quot;_animation&quot;:&quot;fadeIn&quot;,&quot;_animation_delay&quot;:100}\" data-widget_type=\"heading.default\">\n\t\t\t\t\t<h1 class=\"elementor-heading-title elementor-size-default\">Under Construction. Stay Tuned<\/h1>\t\t\t\t<\/div>\n\t\t\t\t<\/div>\n\t\t\t\t<\/div>","protected":false},"excerpt":{"rendered":"<p>Under Construction. Stay Tuned<\/p>","protected":false},"author":1,"featured_media":0,"parent":0,"menu_order":0,"comment_status":"closed","ping_status":"closed","template":"elementor_header_footer","meta":{"footnotes":""},"class_list":["post-2717","page","type-page","status-publish","hentry"],"yoast_head":"<!-- This site is optimized with the Yoast SEO plugin v27.4 - https:\/\/yoast.com\/product\/yoast-seo-wordpress\/ -->\n<title>Visite Cave &amp; D\u00e9gustation Vins Bio Rolle | \u0152notourisme La C\u00f4te<\/title>\n<meta name=\"description\" content=\"Visite guid\u00e9e et d\u00e9gustation de vins biodynamiques \u00e0 Rolle, La C\u00f4te vaudoise. D\u00e9couvrez notre domaine viticole. R\u00e9servez votre exp\u00e9rience.\" \/>\n<meta name=\"robots\" content=\"noindex, nofollow\" \/>\n<meta property=\"og:locale\" content=\"en_GB\" \/>\n<meta property=\"og:type\" content=\"article\" \/>\n<meta property=\"og:title\" content=\"Visite Cave &amp; D\u00e9gustation Vins Bio Rolle | \u0152notourisme La C\u00f4te\" \/>\n<meta property=\"og:description\" content=\"Visite guid\u00e9e et d\u00e9gustation de vins biodynamiques \u00e0 Rolle, La C\u00f4te vaudoise. D\u00e9couvrez notre domaine viticole. R\u00e9servez votre exp\u00e9rience.\" \/>\n<meta property=\"og:url\" content=\"https:\/\/abbessedulac.site\/en\/wine-tourism\/\" \/>\n<meta property=\"og:site_name\" content=\"Abbesse du lac\" \/>\n<meta property=\"article:modified_time\" content=\"2026-03-10T09:39:11+00:00\" \/>\n<meta property=\"og:image\" content=\"https:\/\/abbessedulac.site\/wp-content\/uploads\/elementor\/thumbs\/white-AbbesseDuLac_Logo_Typo-rd4z691wx98fgaz0bk2p4pcszwnbwd7c1tah84w8gk.png\" \/>\n<meta name=\"twitter:card\" content=\"summary_large_image\" \/>\n<meta name=\"twitter:label1\" content=\"Estimated reading time\" \/>\n\t<meta name=\"twitter:data1\" content=\"1 minute\" \/>\n<script type=\"application\/ld+json\" class=\"yoast-schema-graph\">{\"@context\":\"https:\\\/\\\/schema.org\",\"@graph\":[{\"@type\":\"WebPage\",\"@id\":\"https:\\\/\\\/abbessedulac.site\\\/oenotourisme\\\/\",\"url\":\"https:\\\/\\\/abbessedulac.site\\\/oenotourisme\\\/\",\"name\":\"Visite Cave & D\u00e9gustation Vins Bio Rolle | \u0152notourisme La C\u00f4te\",\"isPartOf\":{\"@id\":\"https:\\\/\\\/abbessedulac.site\\\/#website\"},\"primaryImageOfPage\":{\"@id\":\"https:\\\/\\\/abbessedulac.site\\\/oenotourisme\\\/#primaryimage\"},\"image\":{\"@id\":\"https:\\\/\\\/abbessedulac.site\\\/oenotourisme\\\/#primaryimage\"},\"thumbnailUrl\":\"https:\\\/\\\/abbessedulac.site\\\/wp-content\\\/uploads\\\/elementor\\\/thumbs\\\/white-AbbesseDuLac_Logo_Typo-rd4z691wx98fgaz0bk2p4pcszwnbwd7c1tah84w8gk.png\",\"datePublished\":\"2026-01-13T23:18:49+00:00\",\"dateModified\":\"2026-03-10T09:39:11+00:00\",\"description\":\"Visite guid\u00e9e et d\u00e9gustation de vins biodynamiques \u00e0 Rolle, La C\u00f4te vaudoise. D\u00e9couvrez notre domaine viticole. R\u00e9servez votre exp\u00e9rience.\",\"breadcrumb\":{\"@id\":\"https:\\\/\\\/abbessedulac.site\\\/oenotourisme\\\/#breadcrumb\"},\"inLanguage\":\"en-GB\",\"potentialAction\":[{\"@type\":\"ReadAction\",\"target\":[\"https:\\\/\\\/abbessedulac.site\\\/oenotourisme\\\/\"]}]},{\"@type\":\"ImageObject\",\"inLanguage\":\"en-GB\",\"@id\":\"https:\\\/\\\/abbessedulac.site\\\/oenotourisme\\\/#primaryimage\",\"url\":\"https:\\\/\\\/abbessedulac.site\\\/wp-content\\\/uploads\\\/elementor\\\/thumbs\\\/white-AbbesseDuLac_Logo_Typo-rd4z691wx98fgaz0bk2p4pcszwnbwd7c1tah84w8gk.png\",\"contentUrl\":\"https:\\\/\\\/abbessedulac.site\\\/wp-content\\\/uploads\\\/elementor\\\/thumbs\\\/white-AbbesseDuLac_Logo_Typo-rd4z691wx98fgaz0bk2p4pcszwnbwd7c1tah84w8gk.png\"},{\"@type\":\"BreadcrumbList\",\"@id\":\"https:\\\/\\\/abbessedulac.site\\\/oenotourisme\\\/#breadcrumb\",\"itemListElement\":[{\"@type\":\"ListItem\",\"position\":1,\"name\":\"Home\",\"item\":\"https:\\\/\\\/abbessedulac.site\\\/\"},{\"@type\":\"ListItem\",\"position\":2,\"name\":\"\u0152notourisme\"}]},{\"@type\":\"WebSite\",\"@id\":\"https:\\\/\\\/abbessedulac.site\\\/#website\",\"url\":\"https:\\\/\\\/abbessedulac.site\\\/\",\"name\":\"Abbesse du lac\",\"description\":\"Vins biodynamiques de la C\u00f4te\",\"publisher\":{\"@id\":\"https:\\\/\\\/abbessedulac.site\\\/#organization\"},\"potentialAction\":[{\"@type\":\"SearchAction\",\"target\":{\"@type\":\"EntryPoint\",\"urlTemplate\":\"https:\\\/\\\/abbessedulac.site\\\/?s={search_term_string}\"},\"query-input\":{\"@type\":\"PropertyValueSpecification\",\"valueRequired\":true,\"valueName\":\"search_term_string\"}}],\"inLanguage\":\"en-GB\"},{\"@type\":\"Organization\",\"@id\":\"https:\\\/\\\/abbessedulac.site\\\/#organization\",\"name\":\"Abbesse du Lac\",\"alternateName\":\"Abbesse du Lac: vins biodynamiques et boissons naturelles La C\u00f4te\",\"url\":\"https:\\\/\\\/abbessedulac.site\\\/\",\"logo\":{\"@type\":\"ImageObject\",\"inLanguage\":\"en-GB\",\"@id\":\"https:\\\/\\\/abbessedulac.site\\\/#\\\/schema\\\/logo\\\/image\\\/\",\"url\":\"https:\\\/\\\/abbessedulac.site\\\/wp-content\\\/uploads\\\/2026\\\/02\\\/ADLGoogle.png\",\"contentUrl\":\"https:\\\/\\\/abbessedulac.site\\\/wp-content\\\/uploads\\\/2026\\\/02\\\/ADLGoogle.png\",\"width\":510,\"height\":510,\"caption\":\"Abbesse du Lac\"},\"image\":{\"@id\":\"https:\\\/\\\/abbessedulac.site\\\/#\\\/schema\\\/logo\\\/image\\\/\"},\"sameAs\":[\"https:\\\/\\\/www.linkedin.com\\\/company\\\/abbesse-du-lac\"]}]}<\/script>\n<!-- \/ Yoast SEO plugin. -->","yoast_head_json":{"title":"Cellar visit &amp; Organic wine tasting Rolle, Switzerland","description":"Guided tour and biodynamic wine tasting in Rolle, La C\u00f4te vaudoise. Discover our winery. Book your experience.","robots":{"index":"noindex","follow":"nofollow"},"og_locale":"en_GB","og_type":"article","og_title":"Visite Cave & D\u00e9gustation Vins Bio Rolle | \u0152notourisme La C\u00f4te","og_description":"Visite guid\u00e9e et d\u00e9gustation de vins biodynamiques \u00e0 Rolle, La C\u00f4te vaudoise. D\u00e9couvrez notre domaine viticole. R\u00e9servez votre exp\u00e9rience.","og_url":"https:\/\/abbessedulac.site\/en\/wine-tourism\/","og_site_name":"Abbesse du lac","article_modified_time":"2026-03-10T09:39:11+00:00","og_image":[{"url":"https:\/\/abbessedulac.site\/wp-content\/uploads\/elementor\/thumbs\/white-AbbesseDuLac_Logo_Typo-rd4z691wx98fgaz0bk2p4pcszwnbwd7c1tah84w8gk.png","type":"","width":"","height":""}],"twitter_card":"summary_large_image","twitter_misc":{"Estimated reading time":"1 minute"},"schema":{"@context":"https:\/\/schema.org","@graph":[{"@type":"WebPage","@id":"https:\/\/abbessedulac.site\/oenotourisme\/","url":"https:\/\/abbessedulac.site\/oenotourisme\/","name":"Cellar visit &amp; Organic wine tasting Rolle, Switzerland","isPartOf":{"@id":"https:\/\/abbessedulac.site\/#website"},"primaryImageOfPage":{"@id":"https:\/\/abbessedulac.site\/oenotourisme\/#primaryimage"},"image":{"@id":"https:\/\/abbessedulac.site\/oenotourisme\/#primaryimage"},"thumbnailUrl":"https:\/\/abbessedulac.site\/wp-content\/uploads\/elementor\/thumbs\/white-AbbesseDuLac_Logo_Typo-rd4z691wx98fgaz0bk2p4pcszwnbwd7c1tah84w8gk.png","datePublished":"2026-01-13T23:18:49+00:00","dateModified":"2026-03-10T09:39:11+00:00","description":"Guided tour and biodynamic wine tasting in Rolle, La C\u00f4te vaudoise. Discover our winery. Book your experience.","breadcrumb":{"@id":"https:\/\/abbessedulac.site\/oenotourisme\/#breadcrumb"},"inLanguage":"en-GB","potentialAction":[{"@type":"ReadAction","target":["https:\/\/abbessedulac.site\/oenotourisme\/"]}]},{"@type":"ImageObject","inLanguage":"en-GB","@id":"https:\/\/abbessedulac.site\/oenotourisme\/#primaryimage","url":"https:\/\/abbessedulac.site\/wp-content\/uploads\/elementor\/thumbs\/white-AbbesseDuLac_Logo_Typo-rd4z691wx98fgaz0bk2p4pcszwnbwd7c1tah84w8gk.png","contentUrl":"https:\/\/abbessedulac.site\/wp-content\/uploads\/elementor\/thumbs\/white-AbbesseDuLac_Logo_Typo-rd4z691wx98fgaz0bk2p4pcszwnbwd7c1tah84w8gk.png"},{"@type":"BreadcrumbList","@id":"https:\/\/abbessedulac.site\/oenotourisme\/#breadcrumb","itemListElement":[{"@type":"ListItem","position":1,"name":"Home","item":"https:\/\/abbessedulac.site\/"},{"@type":"ListItem","position":2,"name":"\u0152notourisme"}]},{"@type":"WebSite","@id":"https:\/\/abbessedulac.site\/#website","url":"https:\/\/abbessedulac.site\/","name":"Abbesse du Lac","description":"Biodynamic wines from the C\u00f4te d'Azur","publisher":{"@id":"https:\/\/abbessedulac.site\/#organization"},"potentialAction":[{"@type":"SearchAction","target":{"@type":"EntryPoint","urlTemplate":"https:\/\/abbessedulac.site\/?s={search_term_string}"},"query-input":{"@type":"PropertyValueSpecification","valueRequired":true,"valueName":"search_term_string"}}],"inLanguage":"en-GB"},{"@type":"Organization","@id":"https:\/\/abbessedulac.site\/#organization","name":"Abbess of the Lake","alternateName":"Abbesse du Lac: vins biodynamiques et boissons naturelles La C\u00f4te","url":"https:\/\/abbessedulac.site\/","logo":{"@type":"ImageObject","inLanguage":"en-GB","@id":"https:\/\/abbessedulac.site\/#\/schema\/logo\/image\/","url":"https:\/\/abbessedulac.site\/wp-content\/uploads\/2026\/02\/ADLGoogle.png","contentUrl":"https:\/\/abbessedulac.site\/wp-content\/uploads\/2026\/02\/ADLGoogle.png","width":510,"height":510,"caption":"Abbesse du Lac"},"image":{"@id":"https:\/\/abbessedulac.site\/#\/schema\/logo\/image\/"},"sameAs":["https:\/\/www.linkedin.com\/company\/abbesse-du-lac"]}]}},"_links":{"self":[{"href":"https:\/\/abbessedulac.site\/en\/wp-json\/wp\/v2\/pages\/2717","targetHints":{"allow":["GET"]}}],"collection":[{"href":"https:\/\/abbessedulac.site\/en\/wp-json\/wp\/v2\/pages"}],"about":[{"href":"https:\/\/abbessedulac.site\/en\/wp-json\/wp\/v2\/types\/page"}],"author":[{"embeddable":true,"href":"https:\/\/abbessedulac.site\/en\/wp-json\/wp\/v2\/users\/1"}],"replies":[{"embeddable":true,"href":"https:\/\/abbessedulac.site\/en\/wp-json\/wp\/v2\/comments?post=2717"}],"version-history":[{"count":40,"href":"https:\/\/abbessedulac.site\/en\/wp-json\/wp\/v2\/pages\/2717\/revisions"}],"predecessor-version":[{"id":3610,"href":"https:\/\/abbessedulac.site\/en\/wp-json\/wp\/v2\/pages\/2717\/revisions\/3610"}],"wp:attachment":[{"href":"https:\/\/abbessedulac.site\/en\/wp-json\/wp\/v2\/media?parent=2717"}],"curies":[{"name":"wp","href":"https:\/\/api.w.org\/{rel}","templated":true}]}}